{"id":91,"date":"2025-08-27T20:19:56","date_gmt":"2025-08-27T20:19:56","guid":{"rendered":"https:\/\/mermoud.cl\/?page_id=91"},"modified":"2025-09-02T14:23:58","modified_gmt":"2025-09-02T14:23:58","slug":"quienes-somos","status":"publish","type":"page","link":"https:\/\/mermoud.cl\/index.php\/quienes-somos\/","title":{"rendered":"Quienes somos"},"content":{"rendered":"\n<p>En <strong>Constructora Mermoud Ltda.<\/strong> contamos con m\u00e1s de 15 a\u00f1os de experiencia en la Araucan\u00eda, dedicados a mejorar la calidad de vida de las familias de la regi\u00f3n con soluciones habitacionales a trav\u00e9s de subsidios. <br>Nuestro equipo de profesionales y trabajadores especializados desarrolla proyectos de aislaci\u00f3n t\u00e9rmica, ampliaciones, instalaci\u00f3n de colectores solares y mejoras de viviendas, siempre con un enfoque social y humano. Nos caracteriza el compromiso con las personas de menores recursos, el respeto por la identidad cultural y la b\u00fasqueda constante de entregar viviendas adaptadas al clima y a las necesidades reales de nuestra gente.<\/p>\n\n\n\n<figure class=\"wp-block-image size-large\"><img loading=\"lazy\" decoding=\"async\" width=\"1024\" height=\"205\" src=\"https:\/\/mermoud.cl\/wp-content\/uploads\/2025\/09\/franja-misionvion-B-1024x205.png\" alt=\"\" class=\"wp-image-196\" srcset=\"https:\/\/mermoud.cl\/wp-content\/uploads\/2025\/09\/franja-misionvion-B-1024x205.png 1024w, https:\/\/mermoud.cl\/wp-content\/uploads\/2025\/09\/franja-misionvion-B-300x60.png 300w, https:\/\/mermoud.cl\/wp-content\/uploads\/2025\/09\/franja-misionvion-B-768x154.png 768w, https:\/\/mermoud.cl\/wp-content\/uploads\/2025\/09\/franja-misionvion-B-1536x307.png 1536w, https:\/\/mermoud.cl\/wp-content\/uploads\/2025\/09\/franja-misionvion-B.png 1771w\" sizes=\"auto, (max-width: 767px) 89vw, (max-width: 1000px) 54vw, (max-width: 1071px) 543px, 580px\" \/><\/figure>\n\n\n\n<p><\/p>\n\n\n\n<figure class=\"wp-block-image size-full is-resized\"><img loading=\"lazy\" decoding=\"async\" width=\"347\" height=\"143\" src=\"https:\/\/mermoud.cl\/wp-content\/uploads\/2025\/09\/mision-titulo.png\" alt=\"\" class=\"wp-image-190\" style=\"width:121px;height:auto\" srcset=\"https:\/\/mermoud.cl\/wp-content\/uploads\/2025\/09\/mision-titulo.png 347w, https:\/\/mermoud.cl\/wp-content\/uploads\/2025\/09\/mision-titulo-300x124.png 300w\" sizes=\"auto, (max-width: 347px) 100vw, 347px\" \/><\/figure>\n\n\n\n<p>\u201cEn <strong>Constructora Mermoud Ltda.<\/strong> trabajamos desde Victoria para mejorar la calidad de vida de las familias de nuestra regi\u00f3n, especialmente aquellas de menores recursos.<br>Nos especializamos en proyectos habitacionales con subsidios estatales, entregando soluciones en aislaci\u00f3n t\u00e9rmica, ampliaciones, energ\u00edas limpias y mejoramientos de viviendas.<br>Nuestro compromiso es construir con calidad, respeto cultural y responsabilidad social, aportando al desarrollo de comunidades m\u00e1s dignas y sustentables.\u201d<\/p>\n\n\n\n<figure class=\"wp-block-image size-full is-resized\"><img loading=\"lazy\" decoding=\"async\" width=\"290\" height=\"135\" src=\"https:\/\/mermoud.cl\/wp-content\/uploads\/2025\/09\/vision-titulo.png\" alt=\"\" class=\"wp-image-191\" style=\"width:103px;height:auto\"\/><\/figure>\n\n\n\n<p>\u201cSer la constructora referente en soluciones habitacionales con sentido social en la Araucan\u00eda, reconocida por adaptar sus proyectos a la identidad cultural de los pueblos originarios, al clima y a las necesidades reales de nuestra gente.<br>Aspiramos a innovar en modelos de vivienda accesibles y sostenibles, consolidando un sello propio que combine experiencia, compromiso social y respeto por la diversidad de nuestra regi\u00f3n.\u201d<\/p>\n\n\n\n<hr class=\"wp-block-separator has-text-color has-alpha-channel-opacity has-background is-style-wide\" style=\"background-color:#0d4cbf;color:#0d4cbf\"\/>\n\n\n\n<p><\/p>\n","protected":false},"excerpt":{"rendered":"<p>En Constructora Mermoud Ltda. contamos con m\u00e1s de 15 a\u00f1os de experiencia en la Araucan\u00eda, dedicados a mejorar la calidad de vida de las familias de la regi\u00f3n con soluciones habitacionales a trav\u00e9s de subsidios. Nuestro equipo de profesionales y trabajadores especializados desarrolla proyectos de aislaci\u00f3n t\u00e9rmica, ampliaciones, instalaci\u00f3n de colectores solares y mejoras de &hellip; <\/p>\n<p class=\"link-more\"><a href=\"https:\/\/mermoud.cl\/index.php\/quienes-somos\/\" class=\"more-link\">Continuar leyendo<span class=\"screen-reader-text\"> \u00abQuienes somos\u00bb<\/span><\/a><\/p>\n","protected":false},"author":1,"featured_media":187,"parent":0,"menu_order":0,"comment_status":"closed","ping_status":"closed","template":"","meta":{"footnotes":""},"class_list":["post-91","page","type-page","status-publish","has-post-thumbnail","hentry"],"_links":{"self":[{"href":"https:\/\/mermoud.cl\/index.php\/wp-json\/wp\/v2\/pages\/91","targetHints":{"allow":["GET"]}}],"collection":[{"href":"https:\/\/mermoud.cl\/index.php\/wp-json\/wp\/v2\/pages"}],"about":[{"href":"https:\/\/mermoud.cl\/index.php\/wp-json\/wp\/v2\/types\/page"}],"author":[{"embeddable":true,"href":"https:\/\/mermoud.cl\/index.php\/wp-json\/wp\/v2\/users\/1"}],"replies":[{"embeddable":true,"href":"https:\/\/mermoud.cl\/index.php\/wp-json\/wp\/v2\/comments?post=91"}],"version-history":[{"count":14,"href":"https:\/\/mermoud.cl\/index.php\/wp-json\/wp\/v2\/pages\/91\/revisions"}],"predecessor-version":[{"id":240,"href":"https:\/\/mermoud.cl\/index.php\/wp-json\/wp\/v2\/pages\/91\/revisions\/240"}],"wp:featuredmedia":[{"embeddable":true,"href":"https:\/\/mermoud.cl\/index.php\/wp-json\/wp\/v2\/media\/187"}],"wp:attachment":[{"href":"https:\/\/mermoud.cl\/index.php\/wp-json\/wp\/v2\/media?parent=91"}],"curies":[{"name":"wp","href":"https:\/\/api.w.org\/{rel}","templated":true}]}}