{"id":89,"date":"2025-08-27T20:19:19","date_gmt":"2025-08-27T20:19:19","guid":{"rendered":"https:\/\/mermoud.cl\/?page_id=89"},"modified":"2025-09-02T15:02:58","modified_gmt":"2025-09-02T15:02:58","slug":"vivienda-rural","status":"publish","type":"page","link":"https:\/\/mermoud.cl\/index.php\/vivienda-rural\/","title":{"rendered":"Casa Quinqu\u00e9n"},"content":{"rendered":"\n<figure class=\"wp-block-image size-large\"><img loading=\"lazy\" decoding=\"async\" width=\"1024\" height=\"342\" src=\"https:\/\/mermoud.cl\/wp-content\/uploads\/2025\/08\/titulo-Quinquen-1024x342.png\" alt=\"\" class=\"wp-image-100\" srcset=\"https:\/\/mermoud.cl\/wp-content\/uploads\/2025\/08\/titulo-Quinquen-1024x342.png 1024w, https:\/\/mermoud.cl\/wp-content\/uploads\/2025\/08\/titulo-Quinquen-300x100.png 300w, https:\/\/mermoud.cl\/wp-content\/uploads\/2025\/08\/titulo-Quinquen-768x256.png 768w, https:\/\/mermoud.cl\/wp-content\/uploads\/2025\/08\/titulo-Quinquen.png 1378w\" sizes=\"auto, (max-width: 767px) 89vw, (max-width: 1000px) 54vw, (max-width: 1071px) 543px, 580px\" \/><\/figure>\n\n\n\n<p><\/p>\n\n\n\n<p>Vivienda rural dise\u00f1ada con <strong>Accesibilidad Universal,<\/strong> pensada para facilitar la autonom\u00eda y seguridad en el d\u00eda a d\u00eda.<br>Sus espacios amplios y funcionales permiten un desplazamiento c\u00f3modo dentro del hogar, incorporando rampas cubiertas en los accesos principales y cocina, protegidas del clima.<\/p>\n\n\n\n<figure class=\"wp-block-image size-large\"><img loading=\"lazy\" decoding=\"async\" width=\"1024\" height=\"234\" src=\"https:\/\/mermoud.cl\/wp-content\/uploads\/2025\/08\/silla-ruedas-1024x234.png\" alt=\"\" class=\"wp-image-182\" srcset=\"https:\/\/mermoud.cl\/wp-content\/uploads\/2025\/08\/silla-ruedas-1024x234.png 1024w, https:\/\/mermoud.cl\/wp-content\/uploads\/2025\/08\/silla-ruedas-300x69.png 300w, https:\/\/mermoud.cl\/wp-content\/uploads\/2025\/08\/silla-ruedas-768x176.png 768w, https:\/\/mermoud.cl\/wp-content\/uploads\/2025\/08\/silla-ruedas-1536x351.png 1536w, https:\/\/mermoud.cl\/wp-content\/uploads\/2025\/08\/silla-ruedas.png 1705w\" sizes=\"auto, (max-width: 767px) 89vw, (max-width: 1000px) 54vw, (max-width: 1071px) 543px, 580px\" \/><\/figure>\n\n\n\n<p>Es una propuesta pensada para acompa\u00f1ar distintas etapas de la vida, brindando resguardo, accesibilidad y calidez en cada rinc\u00f3n del hogar.<\/p>\n\n\n\n<figure class=\"wp-block-image size-large\"><a href=\"https:\/\/mermoud.cl\/wp-content\/uploads\/2025\/08\/plano-color-quinquen.jpg\"><img loading=\"lazy\" decoding=\"async\" width=\"1024\" height=\"695\" src=\"https:\/\/mermoud.cl\/wp-content\/uploads\/2025\/08\/plano-color-quinquen-1024x695.jpg\" alt=\"\" class=\"wp-image-104\" srcset=\"https:\/\/mermoud.cl\/wp-content\/uploads\/2025\/08\/plano-color-quinquen-1024x695.jpg 1024w, https:\/\/mermoud.cl\/wp-content\/uploads\/2025\/08\/plano-color-quinquen-300x203.jpg 300w, https:\/\/mermoud.cl\/wp-content\/uploads\/2025\/08\/plano-color-quinquen-768x521.jpg 768w, https:\/\/mermoud.cl\/wp-content\/uploads\/2025\/08\/plano-color-quinquen-1536x1042.jpg 1536w, https:\/\/mermoud.cl\/wp-content\/uploads\/2025\/08\/plano-color-quinquen-2048x1389.jpg 2048w\" sizes=\"auto, (max-width: 767px) 89vw, (max-width: 1000px) 54vw, (max-width: 1071px) 543px, 580px\" \/><\/a><\/figure>\n\n\n\n<p>Construida en base s\u00f3lida, losa de hormig\u00f3n armado (radier), aislaci\u00f3n t\u00e9rmica muro y cielo, pisos cer\u00e1micos, ventanas termopanel, revestimiento exterior sidinng y cubierta Zinc Alum 0.4mm.<\/p>\n\n\n\n<p>Al momento de la entrega, la vivienda cuenta con una cocina a le\u00f1a, lavaplatos y ba\u00f1o completamente equipados con sistema de agua caliente por medio de Termoca\u00f1\u00f3n.<\/p>\n\n\n\n<figure class=\"wp-block-image size-large\"><img loading=\"lazy\" decoding=\"async\" width=\"1024\" height=\"747\" src=\"https:\/\/mermoud.cl\/wp-content\/uploads\/2025\/08\/quinquen-frente-1024x747.png\" alt=\"\" class=\"wp-image-107\" srcset=\"https:\/\/mermoud.cl\/wp-content\/uploads\/2025\/08\/quinquen-frente-1024x747.png 1024w, https:\/\/mermoud.cl\/wp-content\/uploads\/2025\/08\/quinquen-frente-300x219.png 300w, https:\/\/mermoud.cl\/wp-content\/uploads\/2025\/08\/quinquen-frente-768x560.png 768w, https:\/\/mermoud.cl\/wp-content\/uploads\/2025\/08\/quinquen-frente.png 1184w\" sizes=\"auto, (max-width: 767px) 89vw, (max-width: 1000px) 54vw, (max-width: 1071px) 543px, 580px\" \/><\/figure>\n\n\n\n<div class=\"wp-block-columns is-layout-flex wp-container-core-columns-is-layout-9d6595d7 wp-block-columns-is-layout-flex\">\n<div class=\"wp-block-column is-layout-flow wp-block-column-is-layout-flow\">\n<figure class=\"wp-block-image size-large\"><a href=\"https:\/\/mermoud.cl\/wp-content\/uploads\/2025\/08\/quinquen-costado-1b.png\"><img loading=\"lazy\" decoding=\"async\" width=\"1024\" height=\"640\" src=\"https:\/\/mermoud.cl\/wp-content\/uploads\/2025\/08\/quinquen-costado-1b-1024x640.png\" alt=\"\" class=\"wp-image-108\" srcset=\"https:\/\/mermoud.cl\/wp-content\/uploads\/2025\/08\/quinquen-costado-1b-1024x640.png 1024w, https:\/\/mermoud.cl\/wp-content\/uploads\/2025\/08\/quinquen-costado-1b-300x188.png 300w, https:\/\/mermoud.cl\/wp-content\/uploads\/2025\/08\/quinquen-costado-1b-768x480.png 768w, https:\/\/mermoud.cl\/wp-content\/uploads\/2025\/08\/quinquen-costado-1b.png 1280w\" sizes=\"auto, (max-width: 767px) 89vw, (max-width: 1000px) 54vw, (max-width: 1071px) 543px, 580px\" \/><\/a><\/figure>\n<\/div>\n\n\n\n<div class=\"wp-block-column is-layout-flow wp-block-column-is-layout-flow\">\n<figure class=\"wp-block-image size-large\"><a href=\"https:\/\/mermoud.cl\/wp-content\/uploads\/2025\/08\/quinquen-costado-2b.png\"><img loading=\"lazy\" decoding=\"async\" width=\"1024\" height=\"640\" src=\"https:\/\/mermoud.cl\/wp-content\/uploads\/2025\/08\/quinquen-costado-2b-1024x640.png\" alt=\"\" class=\"wp-image-109\" srcset=\"https:\/\/mermoud.cl\/wp-content\/uploads\/2025\/08\/quinquen-costado-2b-1024x640.png 1024w, https:\/\/mermoud.cl\/wp-content\/uploads\/2025\/08\/quinquen-costado-2b-300x188.png 300w, https:\/\/mermoud.cl\/wp-content\/uploads\/2025\/08\/quinquen-costado-2b-768x480.png 768w, https:\/\/mermoud.cl\/wp-content\/uploads\/2025\/08\/quinquen-costado-2b.png 1280w\" sizes=\"auto, (max-width: 767px) 89vw, (max-width: 1000px) 54vw, (max-width: 1071px) 543px, 580px\" \/><\/a><\/figure>\n<\/div>\n\n\n\n<div class=\"wp-block-column is-layout-flow wp-block-column-is-layout-flow\">\n<figure class=\"wp-block-image size-large\"><a href=\"https:\/\/mermoud.cl\/wp-content\/uploads\/2025\/08\/quinquen-atras.jpeg\"><img loading=\"lazy\" decoding=\"async\" width=\"1024\" height=\"628\" src=\"https:\/\/mermoud.cl\/wp-content\/uploads\/2025\/08\/quinquen-atras-1024x628.jpeg\" alt=\"\" class=\"wp-image-110\" srcset=\"https:\/\/mermoud.cl\/wp-content\/uploads\/2025\/08\/quinquen-atras-1024x628.jpeg 1024w, https:\/\/mermoud.cl\/wp-content\/uploads\/2025\/08\/quinquen-atras-300x184.jpeg 300w, https:\/\/mermoud.cl\/wp-content\/uploads\/2025\/08\/quinquen-atras-768x471.jpeg 768w, https:\/\/mermoud.cl\/wp-content\/uploads\/2025\/08\/quinquen-atras.jpeg 1134w\" sizes=\"auto, (max-width: 767px) 89vw, (max-width: 1000px) 54vw, (max-width: 1071px) 543px, 580px\" \/><\/a><\/figure>\n<\/div>\n<\/div>\n\n\n\n<figure class=\"wp-block-image size-full is-resized\"><img loading=\"lazy\" decoding=\"async\" width=\"947\" height=\"263\" src=\"https:\/\/mermoud.cl\/wp-content\/uploads\/2025\/08\/recinto-complem-titulo.png\" alt=\"\" class=\"wp-image-115\" style=\"width:238px;height:auto\" srcset=\"https:\/\/mermoud.cl\/wp-content\/uploads\/2025\/08\/recinto-complem-titulo.png 947w, https:\/\/mermoud.cl\/wp-content\/uploads\/2025\/08\/recinto-complem-titulo-300x83.png 300w, https:\/\/mermoud.cl\/wp-content\/uploads\/2025\/08\/recinto-complem-titulo-768x213.png 768w\" sizes=\"auto, (max-width: 767px) 89vw, (max-width: 1000px) 54vw, (max-width: 1071px) 543px, 580px\" \/><\/figure>\n\n\n\n<p class=\"has-text-color has-link-color wp-elements-6b8fa071992c8af537deadada849a47c\" style=\"color:#5c1e07\">Bodega auxiliar para herramientas y materiales.<\/p>\n\n\n\n<p>Espacio anexo y multifuncional de 12m\u00b2, destinado a apoyar actividades productivas, almacenamiento, resguardo de herramientas, le\u00f1a u otros elementos seg\u00fan las necesidades de cada familia.<\/p>\n\n\n\n<figure class=\"wp-block-image size-large\"><img loading=\"lazy\" decoding=\"async\" width=\"1024\" height=\"752\" src=\"https:\/\/mermoud.cl\/wp-content\/uploads\/2025\/08\/recinto-complementario-Quinquen-1024x752.jpeg\" alt=\"\" class=\"wp-image-117\" srcset=\"https:\/\/mermoud.cl\/wp-content\/uploads\/2025\/08\/recinto-complementario-Quinquen-1024x752.jpeg 1024w, https:\/\/mermoud.cl\/wp-content\/uploads\/2025\/08\/recinto-complementario-Quinquen-300x220.jpeg 300w, https:\/\/mermoud.cl\/wp-content\/uploads\/2025\/08\/recinto-complementario-Quinquen-768x564.jpeg 768w, https:\/\/mermoud.cl\/wp-content\/uploads\/2025\/08\/recinto-complementario-Quinquen.jpeg 1152w\" sizes=\"auto, (max-width: 767px) 89vw, (max-width: 1000px) 54vw, (max-width: 1071px) 543px, 580px\" \/><\/figure>\n\n\n\n<p><\/p>\n\n\n\n<p><\/p>\n","protected":false},"excerpt":{"rendered":"<p>Vivienda rural dise\u00f1ada con Accesibilidad Universal, pensada para facilitar la autonom\u00eda y seguridad en el d\u00eda a d\u00eda.Sus espacios amplios y funcionales permiten un desplazamiento c\u00f3modo dentro del hogar, incorporando rampas cubiertas en los accesos principales y cocina, protegidas del clima. Es una propuesta pensada para acompa\u00f1ar distintas etapas de la vida, brindando resguardo, accesibilidad &hellip; <\/p>\n<p class=\"link-more\"><a href=\"https:\/\/mermoud.cl\/index.php\/vivienda-rural\/\" class=\"more-link\">Continuar leyendo<span class=\"screen-reader-text\"> \u00abCasa Quinqu\u00e9n\u00bb<\/span><\/a><\/p>\n","protected":false},"author":1,"featured_media":0,"parent":0,"menu_order":0,"comment_status":"closed","ping_status":"closed","template":"","meta":{"footnotes":""},"class_list":["post-89","page","type-page","status-publish","hentry"],"_links":{"self":[{"href":"https:\/\/mermoud.cl\/index.php\/wp-json\/wp\/v2\/pages\/89","targetHints":{"allow":["GET"]}}],"collection":[{"href":"https:\/\/mermoud.cl\/index.php\/wp-json\/wp\/v2\/pages"}],"about":[{"href":"https:\/\/mermoud.cl\/index.php\/wp-json\/wp\/v2\/types\/page"}],"author":[{"embeddable":true,"href":"https:\/\/mermoud.cl\/index.php\/wp-json\/wp\/v2\/users\/1"}],"replies":[{"embeddable":true,"href":"https:\/\/mermoud.cl\/index.php\/wp-json\/wp\/v2\/comments?post=89"}],"version-history":[{"count":17,"href":"https:\/\/mermoud.cl\/index.php\/wp-json\/wp\/v2\/pages\/89\/revisions"}],"predecessor-version":[{"id":255,"href":"https:\/\/mermoud.cl\/index.php\/wp-json\/wp\/v2\/pages\/89\/revisions\/255"}],"wp:attachment":[{"href":"https:\/\/mermoud.cl\/index.php\/wp-json\/wp\/v2\/media?parent=89"}],"curies":[{"name":"wp","href":"https:\/\/api.w.org\/{rel}","templated":true}]}}