{"id":236,"date":"2025-09-02T14:06:01","date_gmt":"2025-09-02T14:06:01","guid":{"rendered":"https:\/\/mermoud.cl\/?page_id=236"},"modified":"2025-09-02T15:00:16","modified_gmt":"2025-09-02T15:00:16","slug":"condominios","status":"publish","type":"page","link":"https:\/\/mermoud.cl\/index.php\/condominios\/","title":{"rendered":"Condominios"},"content":{"rendered":"\n<p><strong>Proyectos<\/strong> Habitacionales<\/p>\n\n\n\n<hr class=\"wp-block-separator has-text-color has-alpha-channel-opacity has-background is-style-wide\" style=\"background-color:#1b5f88;color:#1b5f88\"\/>\n\n\n\n<div class=\"wp-block-media-text is-stacked-on-mobile\" style=\"grid-template-columns:31% auto\"><figure class=\"wp-block-media-text__media\"><img loading=\"lazy\" decoding=\"async\" width=\"1024\" height=\"540\" src=\"https:\/\/mermoud.cl\/wp-content\/uploads\/2025\/09\/logo-san-octavio-1024x540.png\" alt=\"\" class=\"wp-image-204 size-full\" srcset=\"https:\/\/mermoud.cl\/wp-content\/uploads\/2025\/09\/logo-san-octavio-1024x540.png 1024w, https:\/\/mermoud.cl\/wp-content\/uploads\/2025\/09\/logo-san-octavio-300x158.png 300w, https:\/\/mermoud.cl\/wp-content\/uploads\/2025\/09\/logo-san-octavio-768x405.png 768w, https:\/\/mermoud.cl\/wp-content\/uploads\/2025\/09\/logo-san-octavio.png 1134w\" sizes=\"auto, (max-width: 767px) 89vw, (max-width: 1000px) 54vw, (max-width: 1071px) 543px, 580px\" \/><\/figure><div class=\"wp-block-media-text__content\">\n<p class=\"has-text-color has-link-color wp-elements-6292658851b38bd7431e7f491b080dd9\" style=\"color:#4a2771\">Proyecto inmobiliario construido con los m\u00e1s altos est\u00e1ndares en calefacci\u00f3n, aislaci\u00f3n y dise\u00f1o. Desarrollado \u00edntegramente por nuestra empresa en la ciudad de Victoria.<\/p>\n<\/div><\/div>\n\n\n\n<figure class=\"wp-block-image size-large\"><img loading=\"lazy\" decoding=\"async\" width=\"1024\" height=\"671\" src=\"https:\/\/mermoud.cl\/wp-content\/uploads\/2025\/09\/octavio-A-1024x671.jpg\" alt=\"\" class=\"wp-image-206\" srcset=\"https:\/\/mermoud.cl\/wp-content\/uploads\/2025\/09\/octavio-A-1024x671.jpg 1024w, https:\/\/mermoud.cl\/wp-content\/uploads\/2025\/09\/octavio-A-300x197.jpg 300w, https:\/\/mermoud.cl\/wp-content\/uploads\/2025\/09\/octavio-A-768x504.jpg 768w, https:\/\/mermoud.cl\/wp-content\/uploads\/2025\/09\/octavio-A-1536x1007.jpg 1536w, https:\/\/mermoud.cl\/wp-content\/uploads\/2025\/09\/octavio-A.jpg 1801w\" sizes=\"auto, (max-width: 767px) 89vw, (max-width: 1000px) 54vw, (max-width: 1071px) 543px, 580px\" \/><\/figure>\n\n\n\n<figure class=\"wp-block-image size-large\"><img loading=\"lazy\" decoding=\"async\" width=\"1024\" height=\"808\" src=\"https:\/\/mermoud.cl\/wp-content\/uploads\/2025\/09\/octavio-B3-1024x808.jpg\" alt=\"\" class=\"wp-image-210\" srcset=\"https:\/\/mermoud.cl\/wp-content\/uploads\/2025\/09\/octavio-B3-1024x808.jpg 1024w, https:\/\/mermoud.cl\/wp-content\/uploads\/2025\/09\/octavio-B3-300x237.jpg 300w, https:\/\/mermoud.cl\/wp-content\/uploads\/2025\/09\/octavio-B3-768x606.jpg 768w, https:\/\/mermoud.cl\/wp-content\/uploads\/2025\/09\/octavio-B3-1536x1213.jpg 1536w, https:\/\/mermoud.cl\/wp-content\/uploads\/2025\/09\/octavio-B3.jpg 1701w\" sizes=\"auto, (max-width: 767px) 89vw, (max-width: 1000px) 54vw, (max-width: 1071px) 543px, 580px\" \/><\/figure>\n\n\n\n<hr class=\"wp-block-separator has-text-color has-alpha-channel-opacity has-background is-style-wide\" style=\"background-color:#264c7c;color:#264c7c\"\/>\n\n\n\n<div class=\"wp-block-media-text is-stacked-on-mobile\" style=\"grid-template-columns:34% auto\"><figure class=\"wp-block-media-text__media\"><img loading=\"lazy\" decoding=\"async\" width=\"753\" height=\"292\" src=\"https:\/\/mermoud.cl\/wp-content\/uploads\/2025\/09\/logo-brisas-del-sur.png\" alt=\"\" class=\"wp-image-241 size-full\" srcset=\"https:\/\/mermoud.cl\/wp-content\/uploads\/2025\/09\/logo-brisas-del-sur.png 753w, https:\/\/mermoud.cl\/wp-content\/uploads\/2025\/09\/logo-brisas-del-sur-300x116.png 300w\" sizes=\"auto, (max-width: 706px) 89vw, (max-width: 767px) 82vw, 740px\" \/><\/figure><div class=\"wp-block-media-text__content\">\n<p class=\"has-text-color has-link-color wp-elements-647f80d7f62ef4a56b427689d0a3758d\" style=\"color:#4a2771\">Un lugar con ubicaci\u00f3n privilegiada y construido con materiales que resisten el paso del tiempo. Cada detalle ha sido construido por nuestra empresa para otorgar una mejor calidad de vida.<\/p>\n<\/div><\/div>\n\n\n\n<figure class=\"wp-block-image size-large\"><a href=\"https:\/\/mermoud.cl\/wp-content\/uploads\/2025\/09\/brisas-1-B.jpg\"><img loading=\"lazy\" decoding=\"async\" width=\"1024\" height=\"735\" src=\"https:\/\/mermoud.cl\/wp-content\/uploads\/2025\/09\/brisas-1-B-1024x735.jpg\" alt=\"\" class=\"wp-image-243\" srcset=\"https:\/\/mermoud.cl\/wp-content\/uploads\/2025\/09\/brisas-1-B-1024x735.jpg 1024w, https:\/\/mermoud.cl\/wp-content\/uploads\/2025\/09\/brisas-1-B-300x215.jpg 300w, https:\/\/mermoud.cl\/wp-content\/uploads\/2025\/09\/brisas-1-B-768x551.jpg 768w, https:\/\/mermoud.cl\/wp-content\/uploads\/2025\/09\/brisas-1-B.jpg 1427w\" sizes=\"auto, (max-width: 767px) 89vw, (max-width: 1000px) 54vw, (max-width: 1071px) 543px, 580px\" \/><\/a><\/figure>\n\n\n\n<figure class=\"wp-block-image size-large\"><a href=\"https:\/\/mermoud.cl\/wp-content\/uploads\/2025\/09\/brisas-2-B.jpg\"><img loading=\"lazy\" decoding=\"async\" width=\"1024\" height=\"683\" src=\"https:\/\/mermoud.cl\/wp-content\/uploads\/2025\/09\/brisas-2-B-1024x683.jpg\" alt=\"\" class=\"wp-image-245\" srcset=\"https:\/\/mermoud.cl\/wp-content\/uploads\/2025\/09\/brisas-2-B-1024x683.jpg 1024w, https:\/\/mermoud.cl\/wp-content\/uploads\/2025\/09\/brisas-2-B-300x200.jpg 300w, https:\/\/mermoud.cl\/wp-content\/uploads\/2025\/09\/brisas-2-B-768x512.jpg 768w, https:\/\/mermoud.cl\/wp-content\/uploads\/2025\/09\/brisas-2-B.jpg 1536w\" sizes=\"auto, (max-width: 767px) 89vw, (max-width: 1000px) 54vw, (max-width: 1071px) 543px, 580px\" \/><\/a><\/figure>\n\n\n\n<div class=\"wp-block-columns is-layout-flex wp-container-core-columns-is-layout-9d6595d7 wp-block-columns-is-layout-flex\">\n<div class=\"wp-block-column is-layout-flow wp-block-column-is-layout-flow\">\n<figure class=\"wp-block-image size-full\"><a href=\"https:\/\/mermoud.cl\/wp-content\/uploads\/2025\/09\/interior-1.jpg\"><img loading=\"lazy\" decoding=\"async\" width=\"768\" height=\"1024\" src=\"https:\/\/mermoud.cl\/wp-content\/uploads\/2025\/09\/interior-1.jpg\" alt=\"\" class=\"wp-image-247\" srcset=\"https:\/\/mermoud.cl\/wp-content\/uploads\/2025\/09\/interior-1.jpg 768w, https:\/\/mermoud.cl\/wp-content\/uploads\/2025\/09\/interior-1-225x300.jpg 225w\" sizes=\"auto, (max-width: 767px) 89vw, (max-width: 1000px) 54vw, (max-width: 1071px) 543px, 580px\" \/><\/a><\/figure>\n<\/div>\n\n\n\n<div class=\"wp-block-column is-layout-flow wp-block-column-is-layout-flow\">\n<figure class=\"wp-block-image size-full\"><a href=\"https:\/\/mermoud.cl\/wp-content\/uploads\/2025\/09\/interior-2.jpg\"><img loading=\"lazy\" decoding=\"async\" width=\"768\" height=\"1024\" src=\"https:\/\/mermoud.cl\/wp-content\/uploads\/2025\/09\/interior-2.jpg\" alt=\"\" class=\"wp-image-248\" srcset=\"https:\/\/mermoud.cl\/wp-content\/uploads\/2025\/09\/interior-2.jpg 768w, https:\/\/mermoud.cl\/wp-content\/uploads\/2025\/09\/interior-2-225x300.jpg 225w\" sizes=\"auto, (max-width: 767px) 89vw, (max-width: 1000px) 54vw, (max-width: 1071px) 543px, 580px\" \/><\/a><\/figure>\n<\/div>\n<\/div>\n\n\n\n<div class=\"wp-block-columns is-layout-flex wp-container-core-columns-is-layout-9d6595d7 wp-block-columns-is-layout-flex\">\n<div class=\"wp-block-column is-layout-flow wp-block-column-is-layout-flow\">\n<figure class=\"wp-block-image size-full\"><a href=\"https:\/\/mermoud.cl\/wp-content\/uploads\/2025\/09\/interior-3.jpg\"><img loading=\"lazy\" decoding=\"async\" width=\"768\" height=\"1024\" src=\"https:\/\/mermoud.cl\/wp-content\/uploads\/2025\/09\/interior-3.jpg\" alt=\"\" class=\"wp-image-249\" srcset=\"https:\/\/mermoud.cl\/wp-content\/uploads\/2025\/09\/interior-3.jpg 768w, https:\/\/mermoud.cl\/wp-content\/uploads\/2025\/09\/interior-3-225x300.jpg 225w\" sizes=\"auto, (max-width: 767px) 89vw, (max-width: 1000px) 54vw, (max-width: 1071px) 543px, 580px\" \/><\/a><\/figure>\n<\/div>\n\n\n\n<div class=\"wp-block-column is-layout-flow wp-block-column-is-layout-flow\">\n<figure class=\"wp-block-image size-full\"><a href=\"https:\/\/mermoud.cl\/wp-content\/uploads\/2025\/09\/interior-4.jpg\"><img loading=\"lazy\" decoding=\"async\" width=\"768\" height=\"1024\" src=\"https:\/\/mermoud.cl\/wp-content\/uploads\/2025\/09\/interior-4.jpg\" alt=\"\" class=\"wp-image-250\" srcset=\"https:\/\/mermoud.cl\/wp-content\/uploads\/2025\/09\/interior-4.jpg 768w, https:\/\/mermoud.cl\/wp-content\/uploads\/2025\/09\/interior-4-225x300.jpg 225w\" sizes=\"auto, (max-width: 767px) 89vw, (max-width: 1000px) 54vw, (max-width: 1071px) 543px, 580px\" \/><\/a><\/figure>\n<\/div>\n<\/div>\n","protected":false},"excerpt":{"rendered":"<p>Proyectos Habitacionales Proyecto inmobiliario construido con los m\u00e1s altos est\u00e1ndares en calefacci\u00f3n, aislaci\u00f3n y dise\u00f1o. Desarrollado \u00edntegramente por nuestra empresa en la ciudad de Victoria. Un lugar con ubicaci\u00f3n privilegiada y construido con materiales que resisten el paso del tiempo. Cada detalle ha sido construido por nuestra empresa para otorgar una mejor calidad de vida.<\/p>\n","protected":false},"author":1,"featured_media":0,"parent":0,"menu_order":0,"comment_status":"closed","ping_status":"closed","template":"","meta":{"footnotes":""},"class_list":["post-236","page","type-page","status-publish","hentry"],"_links":{"self":[{"href":"https:\/\/mermoud.cl\/index.php\/wp-json\/wp\/v2\/pages\/236","targetHints":{"allow":["GET"]}}],"collection":[{"href":"https:\/\/mermoud.cl\/index.php\/wp-json\/wp\/v2\/pages"}],"about":[{"href":"https:\/\/mermoud.cl\/index.php\/wp-json\/wp\/v2\/types\/page"}],"author":[{"embeddable":true,"href":"https:\/\/mermoud.cl\/index.php\/wp-json\/wp\/v2\/users\/1"}],"replies":[{"embeddable":true,"href":"https:\/\/mermoud.cl\/index.php\/wp-json\/wp\/v2\/comments?post=236"}],"version-history":[{"count":8,"href":"https:\/\/mermoud.cl\/index.php\/wp-json\/wp\/v2\/pages\/236\/revisions"}],"predecessor-version":[{"id":254,"href":"https:\/\/mermoud.cl\/index.php\/wp-json\/wp\/v2\/pages\/236\/revisions\/254"}],"wp:attachment":[{"href":"https:\/\/mermoud.cl\/index.php\/wp-json\/wp\/v2\/media?parent=236"}],"curies":[{"name":"wp","href":"https:\/\/api.w.org\/{rel}","templated":true}]}}