{"id":121,"date":"2025-08-28T03:23:26","date_gmt":"2025-08-28T03:23:26","guid":{"rendered":"https:\/\/mermoud.cl\/?page_id=121"},"modified":"2025-09-02T15:03:10","modified_gmt":"2025-09-02T15:03:10","slug":"casa-antu-kuyen","status":"publish","type":"page","link":"https:\/\/mermoud.cl\/index.php\/casa-antu-kuyen\/","title":{"rendered":"Casa Antu Kuyen"},"content":{"rendered":"\n<figure class=\"wp-block-image size-large\"><img loading=\"lazy\" decoding=\"async\" width=\"1024\" height=\"316\" src=\"https:\/\/mermoud.cl\/wp-content\/uploads\/2025\/08\/logo-antu-kuyen-1024x316.png\" alt=\"\" class=\"wp-image-126\" srcset=\"https:\/\/mermoud.cl\/wp-content\/uploads\/2025\/08\/logo-antu-kuyen-1024x316.png 1024w, https:\/\/mermoud.cl\/wp-content\/uploads\/2025\/08\/logo-antu-kuyen-300x93.png 300w, https:\/\/mermoud.cl\/wp-content\/uploads\/2025\/08\/logo-antu-kuyen-768x237.png 768w, https:\/\/mermoud.cl\/wp-content\/uploads\/2025\/08\/logo-antu-kuyen.png 1378w\" sizes=\"auto, (max-width: 767px) 89vw, (max-width: 1000px) 54vw, (max-width: 1071px) 543px, 580px\" \/><\/figure>\n\n\n\n<p><\/p>\n\n\n\n<p>Vivienda dise\u00f1ada para integrarse al entorno rural de La Araucan\u00eda, con espacios que privilegian la calidez, la funcionalidad y la conexi\u00f3n con la naturaleza.<\/p>\n\n\n\n<p>Su dise\u00f1o incorpora una doble altura con entrada de luz natural superior, generando un ambiente acogedor para hombres y mujeres que trabajan la tierra y buscan un hogar sencillo, luminoso y en armon\u00eda con su entorno.<\/p>\n\n\n\n<figure class=\"wp-block-image size-large\"><a href=\"https:\/\/mermoud.cl\/wp-content\/uploads\/2025\/08\/plano-color-Kuyen.jpg\"><img loading=\"lazy\" decoding=\"async\" width=\"1024\" height=\"771\" src=\"https:\/\/mermoud.cl\/wp-content\/uploads\/2025\/08\/plano-color-Kuyen-1024x771.jpg\" alt=\"\" class=\"wp-image-129\" srcset=\"https:\/\/mermoud.cl\/wp-content\/uploads\/2025\/08\/plano-color-Kuyen-1024x771.jpg 1024w, https:\/\/mermoud.cl\/wp-content\/uploads\/2025\/08\/plano-color-Kuyen-300x226.jpg 300w, https:\/\/mermoud.cl\/wp-content\/uploads\/2025\/08\/plano-color-Kuyen-768x578.jpg 768w, https:\/\/mermoud.cl\/wp-content\/uploads\/2025\/08\/plano-color-Kuyen-1536x1156.jpg 1536w, https:\/\/mermoud.cl\/wp-content\/uploads\/2025\/08\/plano-color-Kuyen-2048x1541.jpg 2048w\" sizes=\"auto, (max-width: 767px) 89vw, (max-width: 1000px) 54vw, (max-width: 1071px) 543px, 580px\" \/><\/a><\/figure>\n\n\n\n<p>Construida en base s\u00f3lida, losa de hormig\u00f3n armado (radier), aislaci\u00f3n t\u00e9rmica muro y cielo, piso vin\u00edlico SPC, ventanas termopanel, revestimiento exterior sidinng y cubierta Zinc alum 0.4mm.<\/p>\n\n\n\n<p>Al momento de la entrega, la vivienda cuenta con una cocina a le\u00f1a, lavaplatos y ba\u00f1o completamente equipados con sistema de agua caliente por medio de Termoca\u00f1\u00f3n.<\/p>\n\n\n\n<figure class=\"wp-block-image size-large\"><a href=\"https:\/\/mermoud.cl\/wp-content\/uploads\/2025\/08\/frente-antu-kuyen.jpg\"><img loading=\"lazy\" decoding=\"async\" width=\"1024\" height=\"691\" src=\"https:\/\/mermoud.cl\/wp-content\/uploads\/2025\/08\/frente-antu-kuyen-1024x691.jpg\" alt=\"\" class=\"wp-image-133\" srcset=\"https:\/\/mermoud.cl\/wp-content\/uploads\/2025\/08\/frente-antu-kuyen-1024x691.jpg 1024w, https:\/\/mermoud.cl\/wp-content\/uploads\/2025\/08\/frente-antu-kuyen-300x202.jpg 300w, https:\/\/mermoud.cl\/wp-content\/uploads\/2025\/08\/frente-antu-kuyen-768x518.jpg 768w, https:\/\/mermoud.cl\/wp-content\/uploads\/2025\/08\/frente-antu-kuyen-1536x1037.jpg 1536w, https:\/\/mermoud.cl\/wp-content\/uploads\/2025\/08\/frente-antu-kuyen-2048x1382.jpg 2048w\" sizes=\"auto, (max-width: 767px) 89vw, (max-width: 1000px) 54vw, (max-width: 1071px) 543px, 580px\" \/><\/a><\/figure>\n\n\n\n<div class=\"wp-block-columns is-layout-flex wp-container-core-columns-is-layout-9d6595d7 wp-block-columns-is-layout-flex\">\n<div class=\"wp-block-column is-layout-flow wp-block-column-is-layout-flow\">\n<figure class=\"wp-block-image size-large\"><a href=\"https:\/\/mermoud.cl\/wp-content\/uploads\/2025\/08\/atras-antu-kuyen.jpg\"><img loading=\"lazy\" decoding=\"async\" width=\"1024\" height=\"614\" src=\"https:\/\/mermoud.cl\/wp-content\/uploads\/2025\/08\/atras-antu-kuyen-1024x614.jpg\" alt=\"\" class=\"wp-image-136\" srcset=\"https:\/\/mermoud.cl\/wp-content\/uploads\/2025\/08\/atras-antu-kuyen-1024x614.jpg 1024w, https:\/\/mermoud.cl\/wp-content\/uploads\/2025\/08\/atras-antu-kuyen-300x180.jpg 300w, https:\/\/mermoud.cl\/wp-content\/uploads\/2025\/08\/atras-antu-kuyen-768x461.jpg 768w, https:\/\/mermoud.cl\/wp-content\/uploads\/2025\/08\/atras-antu-kuyen-1536x922.jpg 1536w, https:\/\/mermoud.cl\/wp-content\/uploads\/2025\/08\/atras-antu-kuyen.jpg 1890w\" sizes=\"auto, (max-width: 767px) 89vw, (max-width: 1000px) 54vw, (max-width: 1071px) 543px, 580px\" \/><\/a><\/figure>\n<\/div>\n\n\n\n<div class=\"wp-block-column is-layout-flow wp-block-column-is-layout-flow\">\n<figure class=\"wp-block-image size-large\"><a href=\"https:\/\/mermoud.cl\/wp-content\/uploads\/2025\/08\/costado-antu-kuyen.jpg\"><img loading=\"lazy\" decoding=\"async\" width=\"1024\" height=\"614\" src=\"https:\/\/mermoud.cl\/wp-content\/uploads\/2025\/08\/costado-antu-kuyen-1024x614.jpg\" alt=\"\" class=\"wp-image-137\" srcset=\"https:\/\/mermoud.cl\/wp-content\/uploads\/2025\/08\/costado-antu-kuyen-1024x614.jpg 1024w, https:\/\/mermoud.cl\/wp-content\/uploads\/2025\/08\/costado-antu-kuyen-300x180.jpg 300w, https:\/\/mermoud.cl\/wp-content\/uploads\/2025\/08\/costado-antu-kuyen-768x461.jpg 768w, https:\/\/mermoud.cl\/wp-content\/uploads\/2025\/08\/costado-antu-kuyen-1536x922.jpg 1536w, https:\/\/mermoud.cl\/wp-content\/uploads\/2025\/08\/costado-antu-kuyen.jpg 1890w\" sizes=\"auto, (max-width: 767px) 89vw, (max-width: 1000px) 54vw, (max-width: 1071px) 543px, 580px\" \/><\/a><\/figure>\n<\/div>\n\n\n\n<div class=\"wp-block-column is-layout-flow wp-block-column-is-layout-flow\">\n<figure class=\"wp-block-image size-large\"><a href=\"https:\/\/mermoud.cl\/wp-content\/uploads\/2025\/08\/costado-antu-kuyen-2.jpg\"><img loading=\"lazy\" decoding=\"async\" width=\"1024\" height=\"614\" src=\"https:\/\/mermoud.cl\/wp-content\/uploads\/2025\/08\/costado-antu-kuyen-2-1024x614.jpg\" alt=\"\" class=\"wp-image-138\" srcset=\"https:\/\/mermoud.cl\/wp-content\/uploads\/2025\/08\/costado-antu-kuyen-2-1024x614.jpg 1024w, https:\/\/mermoud.cl\/wp-content\/uploads\/2025\/08\/costado-antu-kuyen-2-300x180.jpg 300w, https:\/\/mermoud.cl\/wp-content\/uploads\/2025\/08\/costado-antu-kuyen-2-768x461.jpg 768w, https:\/\/mermoud.cl\/wp-content\/uploads\/2025\/08\/costado-antu-kuyen-2-1536x921.jpg 1536w, https:\/\/mermoud.cl\/wp-content\/uploads\/2025\/08\/costado-antu-kuyen-2-2048x1229.jpg 2048w, https:\/\/mermoud.cl\/wp-content\/uploads\/2025\/08\/costado-antu-kuyen-2-2000x1200.jpg 2000w\" sizes=\"auto, (max-width: 767px) 89vw, (max-width: 1000px) 54vw, (max-width: 1071px) 543px, 580px\" \/><\/a><\/figure>\n<\/div>\n<\/div>\n\n\n\n<figure class=\"wp-block-image size-full is-resized\"><img loading=\"lazy\" decoding=\"async\" width=\"947\" height=\"263\" src=\"https:\/\/mermoud.cl\/wp-content\/uploads\/2025\/08\/recinto-complem-titulo.png\" alt=\"\" class=\"wp-image-115\" style=\"width:239px;height:auto\" srcset=\"https:\/\/mermoud.cl\/wp-content\/uploads\/2025\/08\/recinto-complem-titulo.png 947w, https:\/\/mermoud.cl\/wp-content\/uploads\/2025\/08\/recinto-complem-titulo-300x83.png 300w, https:\/\/mermoud.cl\/wp-content\/uploads\/2025\/08\/recinto-complem-titulo-768x213.png 768w\" sizes=\"auto, (max-width: 767px) 89vw, (max-width: 1000px) 54vw, (max-width: 1071px) 543px, 580px\" \/><\/figure>\n\n\n\n<p class=\"has-text-color has-link-color wp-elements-6b8fa071992c8af537deadada849a47c\" style=\"color:#5c1e07\">Bodega auxiliar para herramientas y materiales.<\/p>\n\n\n\n<p>Espacio anexo y multifuncional de 12m\u00b2, destinado a apoyar actividades productivas, almacenamiento, resguardo de herramientas, le\u00f1a u otros elementos seg\u00fan las necesidades de cada familia.<\/p>\n\n\n\n<figure class=\"wp-block-image size-large\"><img loading=\"lazy\" decoding=\"async\" width=\"1024\" height=\"752\" src=\"https:\/\/mermoud.cl\/wp-content\/uploads\/2025\/08\/recinto-complementario-Quinquen-1024x752.jpeg\" alt=\"\" class=\"wp-image-117\" srcset=\"https:\/\/mermoud.cl\/wp-content\/uploads\/2025\/08\/recinto-complementario-Quinquen-1024x752.jpeg 1024w, https:\/\/mermoud.cl\/wp-content\/uploads\/2025\/08\/recinto-complementario-Quinquen-300x220.jpeg 300w, https:\/\/mermoud.cl\/wp-content\/uploads\/2025\/08\/recinto-complementario-Quinquen-768x564.jpeg 768w, https:\/\/mermoud.cl\/wp-content\/uploads\/2025\/08\/recinto-complementario-Quinquen.jpeg 1152w\" sizes=\"auto, (max-width: 767px) 89vw, (max-width: 1000px) 54vw, (max-width: 1071px) 543px, 580px\" \/><\/figure>\n","protected":false},"excerpt":{"rendered":"<p>Vivienda dise\u00f1ada para integrarse al entorno rural de La Araucan\u00eda, con espacios que privilegian la calidez, la funcionalidad y la conexi\u00f3n con la naturaleza. Su dise\u00f1o incorpora una doble altura con entrada de luz natural superior, generando un ambiente acogedor para hombres y mujeres que trabajan la tierra y buscan un hogar sencillo, luminoso y &hellip; <\/p>\n<p class=\"link-more\"><a href=\"https:\/\/mermoud.cl\/index.php\/casa-antu-kuyen\/\" class=\"more-link\">Continuar leyendo<span class=\"screen-reader-text\"> \u00abCasa Antu Kuyen\u00bb<\/span><\/a><\/p>\n","protected":false},"author":1,"featured_media":0,"parent":0,"menu_order":0,"comment_status":"closed","ping_status":"closed","template":"","meta":{"footnotes":""},"class_list":["post-121","page","type-page","status-publish","hentry"],"_links":{"self":[{"href":"https:\/\/mermoud.cl\/index.php\/wp-json\/wp\/v2\/pages\/121","targetHints":{"allow":["GET"]}}],"collection":[{"href":"https:\/\/mermoud.cl\/index.php\/wp-json\/wp\/v2\/pages"}],"about":[{"href":"https:\/\/mermoud.cl\/index.php\/wp-json\/wp\/v2\/types\/page"}],"author":[{"embeddable":true,"href":"https:\/\/mermoud.cl\/index.php\/wp-json\/wp\/v2\/users\/1"}],"replies":[{"embeddable":true,"href":"https:\/\/mermoud.cl\/index.php\/wp-json\/wp\/v2\/comments?post=121"}],"version-history":[{"count":10,"href":"https:\/\/mermoud.cl\/index.php\/wp-json\/wp\/v2\/pages\/121\/revisions"}],"predecessor-version":[{"id":256,"href":"https:\/\/mermoud.cl\/index.php\/wp-json\/wp\/v2\/pages\/121\/revisions\/256"}],"wp:attachment":[{"href":"https:\/\/mermoud.cl\/index.php\/wp-json\/wp\/v2\/media?parent=121"}],"curies":[{"name":"wp","href":"https:\/\/api.w.org\/{rel}","templated":true}]}}