{"id":11,"date":"2025-08-05T21:07:04","date_gmt":"2025-08-05T21:07:04","guid":{"rendered":"https:\/\/mermoud.cl\/?page_id=11"},"modified":"2025-08-28T01:26:53","modified_gmt":"2025-08-28T01:26:53","slug":"contacto","status":"publish","type":"page","link":"https:\/\/mermoud.cl\/index.php\/contacto\/","title":{"rendered":"Contacto"},"content":{"rendered":"\n<p>Estaremos atentos a tus consultas.<br>Puedes escribirnos o llamarnos directamente usando la info que te damos a continuaci\u00f3n.<br>Recuerda que somos de Victoria y conocemos la Regi\u00f3n de la Araucan\u00eda, su clima, su gente y su cultura.<\/p>\n\n\n\n<p><\/p>\n","protected":false},"excerpt":{"rendered":"<p>Estaremos atentos a tus consultas.Puedes escribirnos o llamarnos directamente usando la info que te damos a continuaci\u00f3n.Recuerda que somos de Victoria y conocemos la Regi\u00f3n de la Araucan\u00eda, su clima, su gente y su cultura.<\/p>\n","protected":false},"author":1,"featured_media":99,"parent":0,"menu_order":0,"comment_status":"closed","ping_status":"closed","template":"","meta":{"footnotes":""},"class_list":["post-11","page","type-page","status-publish","has-post-thumbnail","hentry"],"_links":{"self":[{"href":"https:\/\/mermoud.cl\/index.php\/wp-json\/wp\/v2\/pages\/11","targetHints":{"allow":["GET"]}}],"collection":[{"href":"https:\/\/mermoud.cl\/index.php\/wp-json\/wp\/v2\/pages"}],"about":[{"href":"https:\/\/mermoud.cl\/index.php\/wp-json\/wp\/v2\/types\/page"}],"author":[{"embeddable":true,"href":"https:\/\/mermoud.cl\/index.php\/wp-json\/wp\/v2\/users\/1"}],"replies":[{"embeddable":true,"href":"https:\/\/mermoud.cl\/index.php\/wp-json\/wp\/v2\/comments?post=11"}],"version-history":[{"count":3,"href":"https:\/\/mermoud.cl\/index.php\/wp-json\/wp\/v2\/pages\/11\/revisions"}],"predecessor-version":[{"id":63,"href":"https:\/\/mermoud.cl\/index.php\/wp-json\/wp\/v2\/pages\/11\/revisions\/63"}],"wp:featuredmedia":[{"embeddable":true,"href":"https:\/\/mermoud.cl\/index.php\/wp-json\/wp\/v2\/media\/99"}],"wp:attachment":[{"href":"https:\/\/mermoud.cl\/index.php\/wp-json\/wp\/v2\/media?parent=11"}],"curies":[{"name":"wp","href":"https:\/\/api.w.org\/{rel}","templated":true}]}}